{"id":20,"date":"2022-03-25T18:28:54","date_gmt":"2022-03-25T16:28:54","guid":{"rendered":"http:\/\/pu-pa.eu\/?page_id=20"},"modified":"2022-07-12T12:04:29","modified_gmt":"2022-07-12T09:04:29","slug":"homepage","status":"publish","type":"page","link":"https:\/\/pu-pa.eu\/eng\/","title":{"rendered":"Titulinis"},"content":{"rendered":"<p>PUPA is an international team of urban planners who have been professionally and strategically shaping urban spaces in Lithuania and abroad for more than 10 years.<\/p>\n<ul class=\"infografikas infografikas--vieno-stulpelio\">\n<li>30+ urban visions and city strategies<\/li>\n<li>20+ public space projects<\/li>\n<li>60+ public consultations and workshops with over then 1800 citizens<\/li>\n<li>13 architecture awards<\/li>\n<\/ul>","protected":false},"excerpt":{"rendered":"<p>PUPA \u2013 tarptautin\u0117 urbanist\u0173 komanda, daugiau nei 10 met\u0173 profesionaliai ir strategi\u0161kai formuojanti miest\u0173 erdves Lietuvoje ir u\u017esienyje. 30+ urbanistini\u0173 vizij\u0173 ir strategij\u0173 miestams 20+ vie\u0161\u0173j\u0173 erdvi\u0173 projekt\u0173 60+ vie\u0161\u0173j\u0173 konsultacij\u0173, kuriose dalyvavo 1800 miestie\u010di\u0173 13 architekt\u016brini\u0173 apdovanojim\u0173<\/p>","protected":false},"author":1,"featured_media":0,"parent":0,"menu_order":0,"comment_status":"closed","ping_status":"closed","template":"","meta":{"footnotes":""},"class_list":["post-20","page","type-page","status-publish","hentry"],"_links":{"self":[{"href":"https:\/\/pu-pa.eu\/eng\/wp-json\/wp\/v2\/pages\/20","targetHints":{"allow":["GET"]}}],"collection":[{"href":"https:\/\/pu-pa.eu\/eng\/wp-json\/wp\/v2\/pages"}],"about":[{"href":"https:\/\/pu-pa.eu\/eng\/wp-json\/wp\/v2\/types\/page"}],"author":[{"embeddable":true,"href":"https:\/\/pu-pa.eu\/eng\/wp-json\/wp\/v2\/users\/1"}],"replies":[{"embeddable":true,"href":"https:\/\/pu-pa.eu\/eng\/wp-json\/wp\/v2\/comments?post=20"}],"version-history":[{"count":0,"href":"https:\/\/pu-pa.eu\/eng\/wp-json\/wp\/v2\/pages\/20\/revisions"}],"wp:attachment":[{"href":"https:\/\/pu-pa.eu\/eng\/wp-json\/wp\/v2\/media?parent=20"}],"curies":[{"name":"wp","href":"https:\/\/api.w.org\/{rel}","templated":true}]}}