{"id":31,"date":"2022-03-25T18:56:10","date_gmt":"2022-03-25T16:56:10","guid":{"rendered":"http:\/\/pu-pa.eu\/?page_id=31"},"modified":"2026-02-26T11:54:25","modified_gmt":"2026-02-26T09:54:25","slug":"about","status":"publish","type":"page","link":"https:\/\/pu-pa.eu\/eng\/about\/","title":{"rendered":"About us"},"content":{"rendered":"<p>PUPA is an international team of urban planners who have been professionally and strategically shaping urban spaces in Lithuania and abroad for more than 10 years. While urban planning is still often perceived in a very narrow way (i.e. as simply planning footpaths or green spaces), we take on projects that listen to communities, respond to the needs of different people, and, most importantly, have a real and lasting impact. There are many who can shape a beautiful urban space, but getting people to spend time there every day requires a demanding vision, analytical thinking and consistent work. This is the PUPA advantage.<\/p>\n<ul class=\"infografikas\">\n<li>25 urban visions for cities and their parts<\/li>\n<li>60 public consultations and workshops with over then  1800 citizens<\/li>\n<li>8 parks built or under construction<\/li>\n<li>18 public space projects<\/li>\n<li>15 architekt\u016brini\u0173 apdovanojim\u0173<\/li>\n<li>6 strategies for cities<\/li>\n<\/ul>\n<p>The PUPA team has gained experience in the Netherlands, UK, Spain and other countries, and has won many Lithuanian and international awards.<\/p>\n<h2>Values<\/h2>\n<p>We use innovative and creative approaches to solve urban problems. These approaches often challenge established norms and working practices, but that is what inspires us and drives us forward.<\/p>\n<p>&nbsp;<\/p>\n<h2>Tadas Jonauskis<\/h2>\n<pre><a href=\"https:\/\/www.linkedin.com\/in\/tadasjonauskis\/\" target=\"_blank\" rel=\"noopener\">Linkedin<\/a><\/pre>\n<p>studied architecture at Vilnius Gediminas Technical University and earned a Master\u2019s degree in Urban Planning from TU Delft University. In the Netherlands, he worked for three years on international projects in Morocco, the USA, China, and other countries. In 2009, he founded PUPA, where he currently serves as director. Tadas teaches at Vilnius Tech University, previously worked as an advisor to the City Architect at Vilnius Municipality, served as an expert at the Lithuanian Council for Culture and the URBACT programme, and is currently pursuing a Master\u2019s degree in Management at ISM University.<\/p>\n<h2>Justina Muliuolyt\u0117<\/h2>\n<pre><a href=\"https:\/\/lt.linkedin.com\/in\/justinamuliuolyte\" target=\"_blank\" rel=\"noopener\">Linkedin<\/a><\/pre>\n<p>graduated from Vilnius Gediminas Technical University with a Bachelor\u2019s degree in Architecture, from TU Delft University (Netherlands) with a Master\u2019s degree in Urbanism, and from ISM University with a Master\u2019s degree in Management. She also studied in Italy and Argentina through exchange programs and completed an internship in Spain. In 2009, she founded PUPA. Justina is a lecturer at Vilnius Tech, a member of the Urban Planners Association LUIT, and an expert at the Lithuanian Council for Culture.<\/p>\n<h2>Gytis Aglinskas<\/h2>\n<p>studied architecture at Vilnius Gediminas University of Technology, did Erasmus student exchange in Spain. He gained experience in different studios of architects and urban designers, working with projects of various scales, from idea generation to preparation of technical projects and their implementation. In 2017, Gytis did his internship at PUPA studio and in 2023 has joined the team again.<\/p>\n<h2>Rokas Jonu\u0161as<\/h2>\n<pre><a href=\"https:\/\/lt.linkedin.com\/in\/rokas-jonu%C5%A1as-882a951bb\" target=\"_blank\" rel=\"noopener\">Linkedin<\/a><\/pre>\n<p>earned a Master\u2019s degree in Architecture from Vilnius Tech University and studied in Belgium and Portugal through exchange programs. Rokas has experience working in architectural offices and the film industry, and in 2025, he joined the PUPA team.<\/p>\n<h2>Aist\u0117 Pakamoryt\u0117<\/h2>\n<pre><a href=\"https:\/\/www.linkedin.com\/in\/aist%C4%97-pakamoryt%C4%97-570aa13a5\/\" target=\"_blank\" rel=\"noopener\">Linkedin<\/a><\/pre>\n<p>graduated from Vilnius Tech University with a Master's degree in Architecture, her thesis focused on shrinking cities. Aist\u0117 has experience working in architectural offices, and since 2025 she has joined the urban planners PUPA team.<\/p>\n<h2>Laura Nork\u016bnait\u0117<\/h2>\n<pre><a href=\"https:\/\/www.linkedin.com\/in\/laura-nork%C5%ABnait%C4%97-15135831b\/\" target=\"_blank\" rel=\"noopener\">Linkedin<\/a><\/pre>\n<p>graduated from Vilnius Tech University with a Master's degree in Architecture, and during her studies she studied in France and Portugal on exchange programs. Laura previously worked in the student representative office and various architectural offices, and since 2025 she has joined PUPA team.<\/p>\n<h2>Vaida Kulikauskait\u0117<\/h2>\n<pre><a href=\"https:\/\/www.linkedin.com\/in\/vaida-kulikauskait%C4%97\/\" target=\"_blank\" rel=\"noopener\">Linkedin<\/a><\/pre>\n<p>is studying for a Master's degree in Landscape Architecture at Vilnius Tech University. This is not Vaida's first profession, she has already graduated in multimedia design, worked in advertising, creative industries, and landscaping. Vaida previously completed an internship at PUPA and rejoined the team as a landscape architect.<\/p>\n<h2>Worked with us before<\/h2>\n<p>Aur\u0117ja Adomavi\u010di\u016bt\u0117, Art\u016bras \u010certovas, Evelina Bartusevi\u010di\u016bt\u0117, J\u016brat\u0117 Volkavi\u010di\u016bt\u0117, Lukas Kulikauskas, R\u016bta \u017diug\u017ed\u0117, Dovil\u0117 Ma\u017eeikien\u0117, Au\u0161rin\u0117 Neni\u0161kyt\u0117, Filip Munch Bak, Hristina Sekuloska, August\u0117 Klimanskyt\u0117, Audinga Andru\u0161kevi\u010di\u016bt\u0117, R\u016bta Vitkut\u0117, Povilas Vincentas Jank\u016bnas, Vilt\u0117 Bak\u0161yt\u0117, Ignas Ra\u010dkauskas, Augustas Makrickas, Agn\u0117 Dailidait\u0117, Goda Galdikait\u0117, Edita Gumauskait\u0117, Laima \u010cijunskait\u0117, Justina Sakalauskait\u0117, Birut\u0117 Petru\u0161kait\u0117, Mantas \u0160ulskus, Lina Ba\u010diu\u0161kaite, Jonas Landsbergis<\/p>","protected":false},"excerpt":{"rendered":"<p>PUPA \u2013 tarptautin\u0117 urbanist\u0173 komanda, daugiau nei 10 met\u0173 profesionaliai ir strategi\u0161kai formuojanti miest\u0173 erdves Lietuvoje ir u\u017esienyje. Kai urbanistika da\u017enai suvokiama vis dar labai siaurai \u2013 kaip tiesiog p\u0117s\u010di\u0173j\u0173 tak\u0173 ar \u017eali\u0173j\u0173 zon\u0173 planavimas, \u2013 mes imam\u0117s projekt\u0173, kurie \u012fsiklauso \u012f bendruomenes, atliepia skirting\u0173 \u017emoni\u0173 poreikius ir, svarbiausia, daro real\u0173 ir ilgalaik\u012f poveik\u012f. Suformuoti [&hellip;]<\/p>\n","protected":false},"author":1,"featured_media":0,"parent":0,"menu_order":0,"comment_status":"closed","ping_status":"closed","template":"","meta":{"footnotes":""},"class_list":["post-31","page","type-page","status-publish","hentry"],"_links":{"self":[{"href":"https:\/\/pu-pa.eu\/eng\/wp-json\/wp\/v2\/pages\/31","targetHints":{"allow":["GET"]}}],"collection":[{"href":"https:\/\/pu-pa.eu\/eng\/wp-json\/wp\/v2\/pages"}],"about":[{"href":"https:\/\/pu-pa.eu\/eng\/wp-json\/wp\/v2\/types\/page"}],"author":[{"embeddable":true,"href":"https:\/\/pu-pa.eu\/eng\/wp-json\/wp\/v2\/users\/1"}],"replies":[{"embeddable":true,"href":"https:\/\/pu-pa.eu\/eng\/wp-json\/wp\/v2\/comments?post=31"}],"version-history":[{"count":26,"href":"https:\/\/pu-pa.eu\/eng\/wp-json\/wp\/v2\/pages\/31\/revisions"}],"predecessor-version":[{"id":1695,"href":"https:\/\/pu-pa.eu\/eng\/wp-json\/wp\/v2\/pages\/31\/revisions\/1695"}],"wp:attachment":[{"href":"https:\/\/pu-pa.eu\/eng\/wp-json\/wp\/v2\/media?parent=31"}],"curies":[{"name":"wp","href":"https:\/\/api.w.org\/{rel}","templated":true}]}}