{"id":46,"date":"2022-03-25T19:22:08","date_gmt":"2022-03-25T17:22:08","guid":{"rendered":"http:\/\/pu-pa.eu\/?page_id=46"},"modified":"2022-06-27T00:12:32","modified_gmt":"2022-06-26T21:12:32","slug":"privatumo-politika","status":"publish","type":"page","link":"https:\/\/pu-pa.eu\/eng\/privatumo-politika\/","title":{"rendered":"Privatumo politika"},"content":{"rendered":"<h2>Kas yra \u0161is dokumentas?<\/h2>\n<p>\u0160i privatumo politika (toliau \u2013 <strong>Privatumo politika<\/strong>) nustato privatumo s\u0105lygas Jums naudojantis interneto svetaine www.pu-pa.eu (toliau \u2013 <strong>Svetain\u0117<\/strong>), m\u016bs\u0173 mobiliomis aplikacijomis (program\u0117l\u0117mis), lankantis m\u016bs\u0173 socialini\u0173 tinkl\u0173 paskyrose bei bet kokiu kitu b\u016bdu susisiekiant su mumis.<\/p>\n<p>Atid\u017eiai perskaitykite \u0161i\u0105 Privatumo politik\u0105 tam, kad suprastum\u0117te, koki\u0105 praktik\u0105 taikome tvarkydami J\u016bs\u0173 asmens duomenis. Perskait\u0119 \u0161\u012f dokument\u0105, J\u016bs su\u017einosite, kaip mes tvarkome J\u016bs\u0173 asmens duomenis, i\u0161 kur juos gauname bei kokios J\u016bs\u0173 kaip asmens duomen\u0173 subjekto teis\u0117s.<\/p>\n<p>\u0160ioje Privatumo politikoje naudojama s\u0105voka \u201easmens duomenys\u201c \u2013 tai bet kokia informacija, pagal kuri\u0105 galima Jus atpa\u017einti \u2013 tiesiogiai ar netiesiogiai nustatyti J\u016bs\u0173 tapatyb\u0119. Asmens duomenimis yra pavard\u0117, vardas, pa\u0161to ar e. pa\u0161to adresas, buvimo vietos duomenys ir interneto identifikatorius ir kt.<\/p>\n<p>Privatumo politika galioja visiems asmenims, apsilankiusiems m\u016bs\u0173 socialini\u0173 tinkl\u0173 paskyrose ar Svetain\u0117je, nepriklausomai nuo to, ar J\u016bs u\u017esiregistravote Svetain\u0117je ar nesiregistravote, taip pat veiksmams, kuriuos J\u016bs galite atlikti Svetain\u0117je ar m\u016bs\u0173 socialini\u0173 tinkl\u0173 paskyrose. \u0160i Privatumo politika galioja ir asmenims, besinaudojantiems m\u016bs\u0173 mobiliomis aplikacijomis.<\/p>\n<h2>Kas mes?<\/h2>\n<p>\u0160ioje Privatumo politikoje nurodyt\u0173 asmens duomen\u0173 valdytojas \u2013 MB \u201cPupa &#8211; strategin\u0117 urbanistika\u201d, juridinio asmens kodas 303089256, adresas T. \u0160ev\u010denkos 16F, Vilnius<\/p>\n<h2>Koki\u0173 princip\u0173 mes laikom\u0117s?<\/h2>\n<p>&nbsp;<\/p>","protected":false},"excerpt":{"rendered":"<p>Kas yra \u0161is dokumentas? \u0160i privatumo politika (toliau \u2013 Privatumo politika) nustato privatumo s\u0105lygas Jums naudojantis interneto svetaine www.pu-pa.eu (toliau \u2013 Svetain\u0117), m\u016bs\u0173 mobiliomis aplikacijomis (program\u0117l\u0117mis), lankantis m\u016bs\u0173 socialini\u0173 tinkl\u0173 paskyrose bei bet kokiu kitu b\u016bdu susisiekiant su mumis. Atid\u017eiai perskaitykite \u0161i\u0105 Privatumo politik\u0105 tam, kad suprastum\u0117te, koki\u0105 praktik\u0105 taikome tvarkydami J\u016bs\u0173 asmens duomenis. Perskait\u0119 [&hellip;]<\/p>\n","protected":false},"author":1,"featured_media":0,"parent":0,"menu_order":0,"comment_status":"closed","ping_status":"closed","template":"","meta":{"_acf_changed":false,"footnotes":""},"class_list":["post-46","page","type-page","status-publish","hentry"],"acf":[],"_links":{"self":[{"href":"https:\/\/pu-pa.eu\/eng\/wp-json\/wp\/v2\/pages\/46","targetHints":{"allow":["GET"]}}],"collection":[{"href":"https:\/\/pu-pa.eu\/eng\/wp-json\/wp\/v2\/pages"}],"about":[{"href":"https:\/\/pu-pa.eu\/eng\/wp-json\/wp\/v2\/types\/page"}],"author":[{"embeddable":true,"href":"https:\/\/pu-pa.eu\/eng\/wp-json\/wp\/v2\/users\/1"}],"replies":[{"embeddable":true,"href":"https:\/\/pu-pa.eu\/eng\/wp-json\/wp\/v2\/comments?post=46"}],"version-history":[{"count":0,"href":"https:\/\/pu-pa.eu\/eng\/wp-json\/wp\/v2\/pages\/46\/revisions"}],"wp:attachment":[{"href":"https:\/\/pu-pa.eu\/eng\/wp-json\/wp\/v2\/media?parent=46"}],"curies":[{"name":"wp","href":"https:\/\/api.w.org\/{rel}","templated":true}]}}